{"id":194,"date":"2020-06-01T12:05:58","date_gmt":"2020-06-01T10:05:58","guid":{"rendered":"https:\/\/latortafattaincasa.it\/?page_id=194"},"modified":"2022-10-16T18:37:24","modified_gmt":"2022-10-16T16:37:24","slug":"chi-siamo-la-nostra-storia","status":"publish","type":"page","link":"https:\/\/latortafattaincasa.it\/?page_id=194","title":{"rendered":"Chi siamo? La nostra storia"},"content":{"rendered":"\n<p><strong>Laboratorio biologico da oltre 30 anni&#8230;.<\/strong><\/p>\n\n\n\n<p>\u201cLa torta fatta in casa\u201d \u00e8 nata circa 30 anni fa in una cucina di un appartamento in Porta Genova, a Milano, per iniziativa di Aldo e Adriana Todeschini.<br>Successivamente, nei primi anni 90,  si \u00e8 trasferita a Zelo Buon Persico in provincia di Lodi dove tuttora risiede.<br>Nel settembre del 2005 Aldo \u00e8 deceduto, Milo e Teo, i figli, hanno preso in mano l\u2019azienda. <br>La scelta di produrre alimenti con ingredienti di origine biologica o biodinamica fa parte di un discorso pi\u00f9 ampio, portato avanti da Aldo e Adriana per tanti anni. Questa filosofia viene oggi portata avanti dai loro figli, che hanno rivisto l&#8217;intera produzione, inserendo una nuova linea vegana e un nuovo bilanciamento della materia prima.<br><br>Il laboratorio misura 300 mq. dove due persone, Milo e Teo, lavorano a tempo pieno.<br><br><br><strong>I nostri principi di produttori:<br><\/strong>La scelta di operare nell\u2019ambito del biologico ha radici profonde legate al desiderio di rendere accessibile a tutti l\u2019uso di un\u2019alimentazione che possa essere una base per una vita sana e un rapporto \u201dsostenibile\u201d tra l\u2019uomo e la terra.<br>Scegliamo con cura i nostri fornitori di materia prima, cerchiamo di favorire le aziende locali (del lodigiano), per aumentare la qualit\u00e0 del prodotto.<br>Tutti i nostri prodotti sono controllati e certificati da Q certificazioni, seguiamo le normative del manuale H.C.C.P per la tracciabilit\u00e0 dei prodotti, la conservazione e la sanificazione degli spazi.<br><br><br>Il rapporto che ricerchiamo con il consumatore \u00e8 il pi\u00f9 diretto possibile. Siamo disponibili via mail, via telefono e anche su watsup per le richieste pi\u00f9 specifiche.<br><br>La caratteristica principale di tutta la nostra produzione \u00e8 la torta fresca, cio\u00e8 sfornata e consegnata immediatamente.<br>Valorizziamo molto i prodotti di stagione: &#8221;linea invernale&#8221; e &#8221;linea estiva&#8221;.<br>Come prodotto leader non possiamo non citare la Bobbio, \u00e8 una torta secca composta semplicemente da mandorle, zucchero di canna e albume d\u2019uovo.<br>La caratteristica che la distingue \u00e8 che \u00e8 adatta a molte intolleranze, le mandorle macinate a pietra in laboratorio e l&#8217;albume montato a neve a -15 gradi, la rende una torta soffice, nonostante i pochi ingredienti rappresenta un cibo completo.<br><br><br><strong>I prodotti<\/strong><br>Tra i nostri principali prodotti troviamo le torte dolci e salate. Le dolci si dividono in torte con crema e torte a pasta secca. Le salate hanno come ingredienti una vasta gamma di verdure che varia in funzione delle stagioni. Negli anni ci siamo specializzati in moltissime ricette vegane per soddisfare particolari esigenze di gusto e di intolleranze alimentari: prodotti macrobiotici, prodotti senza uova, latticini o altri derivati da animali, prodotti per diabetici senza zucchero. Altri prodotti ormai tradizionali del nostro laboratorio sono i biscotti: dal classico frollino al tanto desiderato \u201cbacio di dama\u201d ed i brutti ma buoni, senza farina.<br>Nei periodi di festivit\u00e0 siamo soliti produrre panettoni, colombe, chiacchiere, pan dei morti e altri prodotti per la festivit\u00e0 in corso.<\/p>\n\n\n\n<p>Negli ultimi anni stiamo lavorando per sostituire tutta la nostra materia prima da Biologico e Biodinamico. Abbiamo lavorato in filo diretto con diversi produttori locali che ci stanno garantendo una qualit\u00e0 davvero ottima.<\/p>\n\n\n\n<p><br><strong>I nostri servizi<\/strong><br>Tutti i nostri prodotti tipici sono disponibili su ordinazione.<br>Chiamaci direttamente in laboratorio. Anche per richieste specifiche. Siamo specializzati in: matrimoni, compleanni, catering di vario tipo, produzione di torte per intolleranze di ogni tipo. Serviamo anche gruppi d\u2019acquisto.<br><br><strong>Consegne<\/strong><br>MARTED\u00cc e VENERD\u00cc a Milano e dintorni<br>GIOVEDI\u2019 Bergamo e Brescia<br>MERCOLED\u00cc a Lodi, Modena, Reggio, Carpi, Piacenza, Parma, Cremona.<br>Contattaci per la consegna in altre zone.<br>ORDINI ENTRO LE ORE 13.00 DEL GIORNO PRECEDENTE LA CONSEGNA.<br><br>LA TORTA FATTA IN CASA s.a.s. di Milo e Teo Todeschini<br>Via J. F. Kennedy, 5 \u2013 26939 \u2013 Zelo Buon Persico (LO)<br>P. iva 05007340960<br>Chiamaci<br>tel +39 02 906 587 91<br>sms +39 345 878 51 11 oppure 3460193068<br>www.latortafattaincasa.it<br>laboratorio@latortafattaincasa.it<\/p>\n","protected":false},"excerpt":{"rendered":"<p>Laboratorio biologico da oltre 30 anni&#8230;. \u201cLa torta fatta in casa\u201d \u00e8 nata circa 30 anni fa in una cucina di un appartamento in Porta Genova, a Milano, per iniziativa di Aldo e Adriana Todeschini.Successivamente, nei primi anni 90, si \u00e8 trasferita a Zelo Buon Persico in provincia di Lodi [&hellip;]<\/p>\n","protected":false},"author":1,"featured_media":0,"parent":0,"menu_order":0,"comment_status":"closed","ping_status":"closed","template":"","meta":{"footnotes":""},"class_list":["post-194","page","type-page","status-publish","hentry"],"_links":{"self":[{"href":"https:\/\/latortafattaincasa.it\/index.php?rest_route=\/wp\/v2\/pages\/194","targetHints":{"allow":["GET"]}}],"collection":[{"href":"https:\/\/latortafattaincasa.it\/index.php?rest_route=\/wp\/v2\/pages"}],"about":[{"href":"https:\/\/latortafattaincasa.it\/index.php?rest_route=\/wp\/v2\/types\/page"}],"author":[{"embeddable":true,"href":"https:\/\/latortafattaincasa.it\/index.php?rest_route=\/wp\/v2\/users\/1"}],"replies":[{"embeddable":true,"href":"https:\/\/latortafattaincasa.it\/index.php?rest_route=%2Fwp%2Fv2%2Fcomments&post=194"}],"version-history":[{"count":7,"href":"https:\/\/latortafattaincasa.it\/index.php?rest_route=\/wp\/v2\/pages\/194\/revisions"}],"predecessor-version":[{"id":609,"href":"https:\/\/latortafattaincasa.it\/index.php?rest_route=\/wp\/v2\/pages\/194\/revisions\/609"}],"wp:attachment":[{"href":"https:\/\/latortafattaincasa.it\/index.php?rest_route=%2Fwp%2Fv2%2Fmedia&parent=194"}],"curies":[{"name":"wp","href":"https:\/\/api.w.org\/{rel}","templated":true}]}}